{"id":51,"date":"2022-05-25T15:39:22","date_gmt":"2022-05-25T18:39:22","guid":{"rendered":"https:\/\/5vfpsa.tjba.jus.br\/5vfpsa\/\/?page_id=51"},"modified":"2025-10-27T15:36:22","modified_gmt":"2025-10-27T18:36:22","slug":"autos-conclusos","status":"publish","type":"page","link":"https:\/\/tjba.jus.br\/5vfpsa\/autos-conclusos\/","title":{"rendered":"AUTOS CONCLUSOS"},"content":{"rendered":"\n<h3>Observa\u00e7\u00e3o!<\/h3>\n<p>Os autos conclusos est\u00e3o distribu\u00eddos em filas para an\u00e1lise.<\/p>\n<p>Os autos que envolvem medidas urgentes s\u00e3o analisados levando em considera\u00e7\u00e3o a gravidade e a necessidade imediata da medida.<\/p>\n<p>As filas s\u00e3o atualizadas todo m\u00eas.<\/p>\n<p>Se ao buscar processo n\u00e3o encontrar resultado, aguarde a pr\u00f3xima atualiza\u00e7\u00e3o.<\/p>\n<p>A ordem das filas baseia-se no acervo concluso da vara, informa\u00e7\u00e3o extra\u00edda do Pje (sistema de gest\u00e3o de processo eletr\u00f4nico utilizado pelo Tribunal de Justi\u00e7a do Estado da Bahia).<\/p>\n\n\n\n<p>A montagem das filas segue a ordem de chegada cujas posi\u00e7\u00f5es dos processos nas filas podem sofrer altera\u00e7\u00e3o em fun\u00e7\u00e3o de determina\u00e7\u00e3o legal ou do Conselho Nacional de Justi\u00e7a (CNJ), tendo em conta que certos tipos de processos t\u00eam prefer\u00eancia sobre outros.<\/p>\n<p>Tratam-se dos:<\/p>\n<ul>\n    <li>Processos antigos que s\u00e3o categorizados como <strong>Meta 2<\/strong> estabelecido pelo CNJ.<\/li>\n    <li>Casos envolvendo idosos ou pessoas com doen\u00e7as graves que entram na categoria de <strong>prioridade<\/strong> por for\u00e7a de lei.<\/li>\n<\/ul>\n<p>Quando um processo com essas caracter\u00edsticas \u00e9 conclu\u00eddo e entra na fila para an\u00e1lise, ele n\u00e3o vai para o final. Ele \u00e9 colocado \u00e0 frente dos demais, de acordo com sua categoria de prefer\u00eancia. Isso faz com que a fila seja reorganizada e, consequentemente, a posi\u00e7\u00e3o de outros processos pode aumentar.<\/p>\n\n\n\n<iframe loading=\"lazy\" src=\"https:\/\/docs.google.com\/spreadsheets\/d\/e\/2PACX-1vTm-pchwLENRES5oguXKomhCKIayDogpWAR6W8k5rQMLQFPG7itwThWeD2lLKV-UixEZrRG8S4Yxf2-\/pubhtml?widget=false&amp;headers=false&amp;gridlines=false&amp;chrome=false\" width=\"100%\" height=\"200\" frameborder=\"0\"><\/iframe>\n\n\n\n<iframe loading=\"lazy\" src=\"https:\/\/docs.google.com\/spreadsheets\/d\/e\/2PACX-1vSeJe1QJBxjhPtVCmNdt5ddL5pQBz1kh8MVYFUMcswVYhhOu4JjOC_7vySrRSik49FWkUvcMo-x0LGR\/pubhtml?widget=false&amp;headers=false&amp;gridlines=false&amp;chrome=false\" width=\"100%\" height=\"650\" frameborder=\"0\"><\/iframe>\n","protected":false},"excerpt":{"rendered":"<p>Observa\u00e7\u00e3o! Os autos conclusos est\u00e3o distribu\u00eddos em filas para an\u00e1lise. Os autos que envolvem medidas urgentes s\u00e3o analisados levando em considera\u00e7\u00e3o a gravidade e a necessidade imediata da medida. As [&hellip;]<\/p>\n","protected":false},"author":3,"featured_media":0,"parent":0,"menu_order":0,"comment_status":"closed","ping_status":"closed","template":"page-exemplo.php","meta":{"_acf_changed":false,"ub_ctt_via":"","footnotes":""},"class_list":["post-51","page","type-page","status-publish","hentry"],"acf":[],"featured_image_src":null,"_links":{"self":[{"href":"https:\/\/tjba.jus.br\/5vfpsa\/wp-json\/wp\/v2\/pages\/51","targetHints":{"allow":["GET"]}}],"collection":[{"href":"https:\/\/tjba.jus.br\/5vfpsa\/wp-json\/wp\/v2\/pages"}],"about":[{"href":"https:\/\/tjba.jus.br\/5vfpsa\/wp-json\/wp\/v2\/types\/page"}],"author":[{"embeddable":true,"href":"https:\/\/tjba.jus.br\/5vfpsa\/wp-json\/wp\/v2\/users\/3"}],"replies":[{"embeddable":true,"href":"https:\/\/tjba.jus.br\/5vfpsa\/wp-json\/wp\/v2\/comments?post=51"}],"version-history":[{"count":19,"href":"https:\/\/tjba.jus.br\/5vfpsa\/wp-json\/wp\/v2\/pages\/51\/revisions"}],"predecessor-version":[{"id":317,"href":"https:\/\/tjba.jus.br\/5vfpsa\/wp-json\/wp\/v2\/pages\/51\/revisions\/317"}],"wp:attachment":[{"href":"https:\/\/tjba.jus.br\/5vfpsa\/wp-json\/wp\/v2\/media?parent=51"}],"curies":[{"name":"wp","href":"https:\/\/api.w.org\/{rel}","templated":true}]}}